{"id":610,"date":"2025-10-29T16:24:28","date_gmt":"2025-10-29T16:24:28","guid":{"rendered":"https:\/\/sentimambmoviment.com\/producto\/yoga-y-bienestar-para-mujeres-y-embarazadas\/"},"modified":"2025-11-16T02:45:19","modified_gmt":"2025-11-16T02:45:19","slug":"yoga-y-bienestar-para-mujeres-y-embarazadas","status":"publish","type":"product","link":"https:\/\/sentimambmoviment.com\/ca\/producto\/yoga-y-bienestar-para-mujeres-y-embarazadas\/","title":{"rendered":"Yoga y Bienestar para Mujeres y Embarazadas"},"content":{"rendered":"","protected":false},"excerpt":{"rendered":"<p>Yoga para mujeres y embarazadas: bienestar f\u00edsico y emocional.<\/p>\n","protected":false},"featured_media":400,"comment_status":"open","ping_status":"closed","template":"","meta":{"_acf_changed":false,"iawp_total_views":71},"marca":[64,59],"product_brand":[],"product_cat":[110,111],"product_tag":[103,109,112],"class_list":{"0":"post-610","1":"product","2":"type-product","3":"status-publish","4":"has-post-thumbnail","6":"marca-movisalud","7":"marca-sentimyoga","8":"product_cat-beneficios-del-yoga-en-las-mujeres-ca","9":"product_cat-yoga-embarazadas-ca","10":"product_tag-bienestar-ca","11":"product_tag-yoga-embarazadas-ca","12":"product_tag-yoga-mujeres-ca","14":"first","15":"instock","16":"sale","17":"shipping-taxable","18":"purchasable","19":"product-type-simple"},"acf":[],"yoast_head":"<!-- This site is optimized with the Yoast SEO plugin v27.4 - https:\/\/yoast.com\/product\/yoast-seo-wordpress\/ -->\n<title>Yoga y Bienestar para Mujeres y Embarazadas - Sentim amb Moviment<\/title>\n<meta name=\"description\" content=\"Descubre los beneficios del yoga para mujeres y embarazadas. Bienestar f\u00edsico y emocional a un precio especial en Sentim amb Moviment. Env\u00edo gratis y 100 d\u00edas de devoluci\u00f3n.\" \/>\n<meta name=\"robots\" content=\"index, follow, max-snippet:-1, max-image-preview:large, max-video-preview:-1\" \/>\n<link rel=\"canonical\" href=\"https:\/\/sentimambmoviment.com\/ca\/producto\/yoga-y-bienestar-para-mujeres-y-embarazadas\/\" \/>\n<meta property=\"og:locale\" content=\"ca_ES\" \/>\n<meta property=\"og:type\" content=\"article\" \/>\n<meta property=\"og:title\" content=\"Yoga y Bienestar para Mujeres y Embarazadas - Sentim amb Moviment\" \/>\n<meta property=\"og:description\" content=\"Descubre los beneficios del yoga para mujeres y embarazadas. Bienestar f\u00edsico y emocional a un precio especial en Sentim amb Moviment. Env\u00edo gratis y 100 d\u00edas de devoluci\u00f3n.\" \/>\n<meta property=\"og:url\" content=\"https:\/\/sentimambmoviment.com\/ca\/producto\/yoga-y-bienestar-para-mujeres-y-embarazadas\/\" \/>\n<meta property=\"og:site_name\" content=\"Sentim amb Moviment\" \/>\n<meta property=\"article:modified_time\" content=\"2025-11-16T02:45:19+00:00\" \/>\n<meta property=\"og:image\" content=\"https:\/\/sentimambmoviment.com\/wp-content\/uploads\/2025\/10\/Leonardo_Vision_XL_Una_tranquila_escena_de_estudio_de_yoga_nat_0.jpg\" \/>\n\t<meta property=\"og:image:width\" content=\"1792\" \/>\n\t<meta property=\"og:image:height\" content=\"1456\" \/>\n\t<meta property=\"og:image:type\" content=\"image\/jpeg\" \/>\n<meta name=\"twitter:card\" content=\"summary_large_image\" \/>\n<!-- \/ Yoast SEO plugin. -->","yoast_head_json":{"title":"Yoga y Bienestar para Mujeres y Embarazadas - Sentim amb Moviment","description":"Descubre los beneficios del yoga para mujeres y embarazadas. Bienestar f\u00edsico y emocional a un precio especial en Sentim amb Moviment. Env\u00edo gratis y 100 d\u00edas de devoluci\u00f3n.","robots":{"index":"index","follow":"follow","max-snippet":"max-snippet:-1","max-image-preview":"max-image-preview:large","max-video-preview":"max-video-preview:-1"},"canonical":"https:\/\/sentimambmoviment.com\/ca\/producto\/yoga-y-bienestar-para-mujeres-y-embarazadas\/","og_locale":"ca_ES","og_type":"article","og_title":"Yoga y Bienestar para Mujeres y Embarazadas - Sentim amb Moviment","og_description":"Descubre los beneficios del yoga para mujeres y embarazadas. Bienestar f\u00edsico y emocional a un precio especial en Sentim amb Moviment. Env\u00edo gratis y 100 d\u00edas de devoluci\u00f3n.","og_url":"https:\/\/sentimambmoviment.com\/ca\/producto\/yoga-y-bienestar-para-mujeres-y-embarazadas\/","og_site_name":"Sentim amb Moviment","article_modified_time":"2025-11-16T02:45:19+00:00","og_image":[{"width":1792,"height":1456,"url":"https:\/\/sentimambmoviment.com\/wp-content\/uploads\/2025\/10\/Leonardo_Vision_XL_Una_tranquila_escena_de_estudio_de_yoga_nat_0.jpg","type":"image\/jpeg"}],"twitter_card":"summary_large_image","schema":{"@context":"https:\/\/schema.org","@graph":[{"@type":"WebPage","@id":"https:\/\/sentimambmoviment.com\/ca\/producto\/yoga-y-bienestar-para-mujeres-y-embarazadas\/","url":"https:\/\/sentimambmoviment.com\/ca\/producto\/yoga-y-bienestar-para-mujeres-y-embarazadas\/","name":"Yoga y Bienestar para Mujeres y Embarazadas - Sentim amb Moviment","isPartOf":{"@id":"https:\/\/sentimambmoviment.com\/ca\/#website"},"primaryImageOfPage":{"@id":"https:\/\/sentimambmoviment.com\/ca\/producto\/yoga-y-bienestar-para-mujeres-y-embarazadas\/#primaryimage"},"image":{"@id":"https:\/\/sentimambmoviment.com\/ca\/producto\/yoga-y-bienestar-para-mujeres-y-embarazadas\/#primaryimage"},"thumbnailUrl":"https:\/\/sentimambmoviment.com\/wp-content\/uploads\/2025\/10\/Leonardo_Vision_XL_Una_tranquila_escena_de_estudio_de_yoga_nat_0.jpg","datePublished":"2025-10-29T16:24:28+00:00","dateModified":"2025-11-16T02:45:19+00:00","description":"Descubre los beneficios del yoga para mujeres y embarazadas. Bienestar f\u00edsico y emocional a un precio especial en Sentim amb Moviment. Env\u00edo gratis y 100 d\u00edas de devoluci\u00f3n.","breadcrumb":{"@id":"https:\/\/sentimambmoviment.com\/ca\/producto\/yoga-y-bienestar-para-mujeres-y-embarazadas\/#breadcrumb"},"inLanguage":"ca","potentialAction":[{"@type":"ReadAction","target":["https:\/\/sentimambmoviment.com\/ca\/producto\/yoga-y-bienestar-para-mujeres-y-embarazadas\/"]}]},{"@type":"ImageObject","inLanguage":"ca","@id":"https:\/\/sentimambmoviment.com\/ca\/producto\/yoga-y-bienestar-para-mujeres-y-embarazadas\/#primaryimage","url":"https:\/\/sentimambmoviment.com\/wp-content\/uploads\/2025\/10\/Leonardo_Vision_XL_Una_tranquila_escena_de_estudio_de_yoga_nat_0.jpg","contentUrl":"https:\/\/sentimambmoviment.com\/wp-content\/uploads\/2025\/10\/Leonardo_Vision_XL_Una_tranquila_escena_de_estudio_de_yoga_nat_0.jpg","width":1792,"height":1456},{"@type":"BreadcrumbList","@id":"https:\/\/sentimambmoviment.com\/ca\/producto\/yoga-y-bienestar-para-mujeres-y-embarazadas\/#breadcrumb","itemListElement":[{"@type":"ListItem","position":1,"name":"Portada","item":"https:\/\/sentimambmoviment.com\/ca\/home\/"},{"@type":"ListItem","position":2,"name":"Tienda","item":"https:\/\/sentimambmoviment.com\/ca\/tienda\/"},{"@type":"ListItem","position":3,"name":"Yoga y Bienestar para Mujeres y Embarazadas"}]},{"@type":"WebSite","@id":"https:\/\/sentimambmoviment.com\/ca\/#website","url":"https:\/\/sentimambmoviment.com\/ca\/","name":"Sentim amb Moviment","description":"","potentialAction":[{"@type":"SearchAction","target":{"@type":"EntryPoint","urlTemplate":"https:\/\/sentimambmoviment.com\/ca\/?s={search_term_string}"},"query-input":{"@type":"PropertyValueSpecification","valueRequired":true,"valueName":"search_term_string"}}],"inLanguage":"ca"}]}},"_links":{"self":[{"href":"https:\/\/sentimambmoviment.com\/ca\/wp-json\/wp\/v2\/product\/610","targetHints":{"allow":["GET"]}}],"collection":[{"href":"https:\/\/sentimambmoviment.com\/ca\/wp-json\/wp\/v2\/product"}],"about":[{"href":"https:\/\/sentimambmoviment.com\/ca\/wp-json\/wp\/v2\/types\/product"}],"replies":[{"embeddable":true,"href":"https:\/\/sentimambmoviment.com\/ca\/wp-json\/wp\/v2\/comments?post=610"}],"wp:featuredmedia":[{"embeddable":true,"href":"https:\/\/sentimambmoviment.com\/ca\/wp-json\/wp\/v2\/media\/400"}],"wp:attachment":[{"href":"https:\/\/sentimambmoviment.com\/ca\/wp-json\/wp\/v2\/media?parent=610"}],"wp:term":[{"taxonomy":"marca","embeddable":true,"href":"https:\/\/sentimambmoviment.com\/ca\/wp-json\/wp\/v2\/marca?post=610"},{"taxonomy":"product_brand","embeddable":true,"href":"https:\/\/sentimambmoviment.com\/ca\/wp-json\/wp\/v2\/product_brand?post=610"},{"taxonomy":"product_cat","embeddable":true,"href":"https:\/\/sentimambmoviment.com\/ca\/wp-json\/wp\/v2\/product_cat?post=610"},{"taxonomy":"product_tag","embeddable":true,"href":"https:\/\/sentimambmoviment.com\/ca\/wp-json\/wp\/v2\/product_tag?post=610"}],"curies":[{"name":"wp","href":"https:\/\/api.w.org\/{rel}","templated":true}]}}