{"id":609,"date":"2025-10-29T16:25:17","date_gmt":"2025-10-29T16:25:17","guid":{"rendered":"https:\/\/sentimambmoviment.com\/producto\/yoga-saludable-para-mamas-y-bebes\/"},"modified":"2025-11-16T02:45:18","modified_gmt":"2025-11-16T02:45:18","slug":"yoga-saludable-para-mamas-y-bebes","status":"publish","type":"product","link":"https:\/\/sentimambmoviment.com\/ca\/producto\/yoga-saludable-para-mamas-y-bebes\/","title":{"rendered":"Yoga Saludable para Mam\u00e1s y Beb\u00e9s"},"content":{"rendered":"","protected":false},"excerpt":{"rendered":"<p>Yoga para embarazadas y beb\u00e9s, bienestar f\u00edsico y emocional.<\/p>\n","protected":false},"featured_media":409,"comment_status":"open","ping_status":"closed","template":"","meta":{"_acf_changed":false,"iawp_total_views":0},"marca":[67,59],"product_brand":[],"product_cat":[106,107],"product_tag":[103,115,116],"class_list":{"0":"post-609","1":"product","2":"type-product","3":"status-publish","4":"has-post-thumbnail","6":"marca-moviment","7":"marca-sentimyoga","8":"product_cat-embarazadas-ca","9":"product_cat-yoga-con-bebe-ca","10":"product_tag-bienestar-ca","11":"product_tag-salud-ca","12":"product_tag-yoga-ca","14":"first","15":"instock","16":"sale","17":"shipping-taxable","18":"purchasable","19":"product-type-simple"},"acf":[],"yoast_head":"<!-- This site is optimized with the Yoast SEO plugin v27.4 - https:\/\/yoast.com\/product\/yoast-seo-wordpress\/ -->\n<title>Yoga Saludable para Mam\u00e1s y Beb\u00e9s - Sentim amb Moviment<\/title>\n<meta name=\"description\" content=\"Descubre yoga prenatal y posnatal para mejorar el bienestar f\u00edsico y emocional de mam\u00e1s y beb\u00e9s. Precio especial, env\u00edo gratis y devoluci\u00f3n en 100 d\u00edas.\" \/>\n<meta name=\"robots\" content=\"index, follow, max-snippet:-1, max-image-preview:large, max-video-preview:-1\" \/>\n<link rel=\"canonical\" href=\"https:\/\/sentimambmoviment.com\/ca\/producto\/yoga-saludable-para-mamas-y-bebes\/\" \/>\n<meta property=\"og:locale\" content=\"ca_ES\" \/>\n<meta property=\"og:type\" content=\"article\" \/>\n<meta property=\"og:title\" content=\"Yoga Saludable para Mam\u00e1s y Beb\u00e9s - Sentim amb Moviment\" \/>\n<meta property=\"og:description\" content=\"Descubre yoga prenatal y posnatal para mejorar el bienestar f\u00edsico y emocional de mam\u00e1s y beb\u00e9s. Precio especial, env\u00edo gratis y devoluci\u00f3n en 100 d\u00edas.\" \/>\n<meta property=\"og:url\" content=\"https:\/\/sentimambmoviment.com\/ca\/producto\/yoga-saludable-para-mamas-y-bebes\/\" \/>\n<meta property=\"og:site_name\" content=\"Sentim amb Moviment\" \/>\n<meta property=\"article:modified_time\" content=\"2025-11-16T02:45:18+00:00\" \/>\n<meta property=\"og:image\" content=\"https:\/\/sentimambmoviment.com\/wp-content\/uploads\/2025\/10\/Leonardo_Vision_XL_Imagen_de_una_mujer_embarazada_practicando_0-1.jpg\" \/>\n\t<meta property=\"og:image:width\" content=\"1792\" \/>\n\t<meta property=\"og:image:height\" content=\"1456\" \/>\n\t<meta property=\"og:image:type\" content=\"image\/jpeg\" \/>\n<meta name=\"twitter:card\" content=\"summary_large_image\" \/>\n<!-- \/ Yoast SEO plugin. -->","yoast_head_json":{"title":"Yoga Saludable para Mam\u00e1s y Beb\u00e9s - Sentim amb Moviment","description":"Descubre yoga prenatal y posnatal para mejorar el bienestar f\u00edsico y emocional de mam\u00e1s y beb\u00e9s. Precio especial, env\u00edo gratis y devoluci\u00f3n en 100 d\u00edas.","robots":{"index":"index","follow":"follow","max-snippet":"max-snippet:-1","max-image-preview":"max-image-preview:large","max-video-preview":"max-video-preview:-1"},"canonical":"https:\/\/sentimambmoviment.com\/ca\/producto\/yoga-saludable-para-mamas-y-bebes\/","og_locale":"ca_ES","og_type":"article","og_title":"Yoga Saludable para Mam\u00e1s y Beb\u00e9s - Sentim amb Moviment","og_description":"Descubre yoga prenatal y posnatal para mejorar el bienestar f\u00edsico y emocional de mam\u00e1s y beb\u00e9s. Precio especial, env\u00edo gratis y devoluci\u00f3n en 100 d\u00edas.","og_url":"https:\/\/sentimambmoviment.com\/ca\/producto\/yoga-saludable-para-mamas-y-bebes\/","og_site_name":"Sentim amb Moviment","article_modified_time":"2025-11-16T02:45:18+00:00","og_image":[{"width":1792,"height":1456,"url":"https:\/\/sentimambmoviment.com\/wp-content\/uploads\/2025\/10\/Leonardo_Vision_XL_Imagen_de_una_mujer_embarazada_practicando_0-1.jpg","type":"image\/jpeg"}],"twitter_card":"summary_large_image","schema":{"@context":"https:\/\/schema.org","@graph":[{"@type":"WebPage","@id":"https:\/\/sentimambmoviment.com\/ca\/producto\/yoga-saludable-para-mamas-y-bebes\/","url":"https:\/\/sentimambmoviment.com\/ca\/producto\/yoga-saludable-para-mamas-y-bebes\/","name":"Yoga Saludable para Mam\u00e1s y Beb\u00e9s - Sentim amb Moviment","isPartOf":{"@id":"https:\/\/sentimambmoviment.com\/ca\/#website"},"primaryImageOfPage":{"@id":"https:\/\/sentimambmoviment.com\/ca\/producto\/yoga-saludable-para-mamas-y-bebes\/#primaryimage"},"image":{"@id":"https:\/\/sentimambmoviment.com\/ca\/producto\/yoga-saludable-para-mamas-y-bebes\/#primaryimage"},"thumbnailUrl":"https:\/\/sentimambmoviment.com\/wp-content\/uploads\/2025\/10\/Leonardo_Vision_XL_Imagen_de_una_mujer_embarazada_practicando_0-1.jpg","datePublished":"2025-10-29T16:25:17+00:00","dateModified":"2025-11-16T02:45:18+00:00","description":"Descubre yoga prenatal y posnatal para mejorar el bienestar f\u00edsico y emocional de mam\u00e1s y beb\u00e9s. Precio especial, env\u00edo gratis y devoluci\u00f3n en 100 d\u00edas.","breadcrumb":{"@id":"https:\/\/sentimambmoviment.com\/ca\/producto\/yoga-saludable-para-mamas-y-bebes\/#breadcrumb"},"inLanguage":"ca","potentialAction":[{"@type":"ReadAction","target":["https:\/\/sentimambmoviment.com\/ca\/producto\/yoga-saludable-para-mamas-y-bebes\/"]}]},{"@type":"ImageObject","inLanguage":"ca","@id":"https:\/\/sentimambmoviment.com\/ca\/producto\/yoga-saludable-para-mamas-y-bebes\/#primaryimage","url":"https:\/\/sentimambmoviment.com\/wp-content\/uploads\/2025\/10\/Leonardo_Vision_XL_Imagen_de_una_mujer_embarazada_practicando_0-1.jpg","contentUrl":"https:\/\/sentimambmoviment.com\/wp-content\/uploads\/2025\/10\/Leonardo_Vision_XL_Imagen_de_una_mujer_embarazada_practicando_0-1.jpg","width":1792,"height":1456},{"@type":"BreadcrumbList","@id":"https:\/\/sentimambmoviment.com\/ca\/producto\/yoga-saludable-para-mamas-y-bebes\/#breadcrumb","itemListElement":[{"@type":"ListItem","position":1,"name":"Portada","item":"https:\/\/sentimambmoviment.com\/ca\/home\/"},{"@type":"ListItem","position":2,"name":"Tienda","item":"https:\/\/sentimambmoviment.com\/ca\/tienda\/"},{"@type":"ListItem","position":3,"name":"Yoga Saludable para Mam\u00e1s y Beb\u00e9s"}]},{"@type":"WebSite","@id":"https:\/\/sentimambmoviment.com\/ca\/#website","url":"https:\/\/sentimambmoviment.com\/ca\/","name":"Sentim amb Moviment","description":"","potentialAction":[{"@type":"SearchAction","target":{"@type":"EntryPoint","urlTemplate":"https:\/\/sentimambmoviment.com\/ca\/?s={search_term_string}"},"query-input":{"@type":"PropertyValueSpecification","valueRequired":true,"valueName":"search_term_string"}}],"inLanguage":"ca"}]}},"_links":{"self":[{"href":"https:\/\/sentimambmoviment.com\/ca\/wp-json\/wp\/v2\/product\/609","targetHints":{"allow":["GET"]}}],"collection":[{"href":"https:\/\/sentimambmoviment.com\/ca\/wp-json\/wp\/v2\/product"}],"about":[{"href":"https:\/\/sentimambmoviment.com\/ca\/wp-json\/wp\/v2\/types\/product"}],"replies":[{"embeddable":true,"href":"https:\/\/sentimambmoviment.com\/ca\/wp-json\/wp\/v2\/comments?post=609"}],"wp:featuredmedia":[{"embeddable":true,"href":"https:\/\/sentimambmoviment.com\/ca\/wp-json\/wp\/v2\/media\/409"}],"wp:attachment":[{"href":"https:\/\/sentimambmoviment.com\/ca\/wp-json\/wp\/v2\/media?parent=609"}],"wp:term":[{"taxonomy":"marca","embeddable":true,"href":"https:\/\/sentimambmoviment.com\/ca\/wp-json\/wp\/v2\/marca?post=609"},{"taxonomy":"product_brand","embeddable":true,"href":"https:\/\/sentimambmoviment.com\/ca\/wp-json\/wp\/v2\/product_brand?post=609"},{"taxonomy":"product_cat","embeddable":true,"href":"https:\/\/sentimambmoviment.com\/ca\/wp-json\/wp\/v2\/product_cat?post=609"},{"taxonomy":"product_tag","embeddable":true,"href":"https:\/\/sentimambmoviment.com\/ca\/wp-json\/wp\/v2\/product_tag?post=609"}],"curies":[{"name":"wp","href":"https:\/\/api.w.org\/{rel}","templated":true}]}}