{"id":608,"date":"2025-10-29T16:26:10","date_gmt":"2025-10-29T16:26:10","guid":{"rendered":"https:\/\/sentimambmoviment.com\/producto\/yoga-infantil-y-bienestar-holistico-3-6-anos\/"},"modified":"2025-11-16T02:44:59","modified_gmt":"2025-11-16T02:44:59","slug":"yoga-infantil-y-bienestar-holistico-3-6-anos","status":"publish","type":"product","link":"https:\/\/sentimambmoviment.com\/ca\/producto\/yoga-infantil-y-bienestar-holistico-3-6-anos\/","title":{"rendered":"Yoga infantil y bienestar hol\u00edstico 3-6 a\u00f1os"},"content":{"rendered":"","protected":false},"excerpt":{"rendered":"<p>Yoga para ni\u00f1os 3-6 a\u00f1os. Salud y bienestar desde peque\u00f1os.<\/p>\n","protected":false},"featured_media":418,"comment_status":"open","ping_status":"closed","template":"","meta":{"_acf_changed":false,"iawp_total_views":0},"marca":[69,59],"product_brand":[],"product_cat":[101,102],"product_tag":[103,104,105],"class_list":{"0":"post-608","1":"product","2":"type-product","3":"status-publish","4":"has-post-thumbnail","6":"marca-movimsalud","7":"marca-sentimyoga","8":"product_cat-yoga-de-3-a-6-anos-ca","9":"product_cat-yoga-infantil-y-juvenil-ca","10":"product_tag-bienestar-ca","11":"product_tag-salud-ninos-ca","12":"product_tag-yoga-infantil-ca","14":"first","15":"instock","16":"sale","17":"shipping-taxable","18":"purchasable","19":"product-type-simple"},"acf":[],"yoast_head":"<!-- This site is optimized with the Yoast SEO plugin v27.4 - https:\/\/yoast.com\/product\/yoast-seo-wordpress\/ -->\n<title>Yoga Infantil y Bienestar 3-6 A\u00f1os | Sentim amb Moviment<\/title>\n<meta name=\"description\" content=\"Descubre c\u00f3mo el yoga infantil promueve la salud y el bienestar hol\u00edstico en ni\u00f1os de 3 a 6 a\u00f1os. Oferta especial: de 136,00 \u20ac a 102,00 \u20ac. \u00a1Env\u00edo gratis y devoluci\u00f3n en 100 d\u00edas!\" \/>\n<meta name=\"robots\" content=\"index, follow, max-snippet:-1, max-image-preview:large, max-video-preview:-1\" \/>\n<link rel=\"canonical\" href=\"https:\/\/sentimambmoviment.com\/ca\/producto\/yoga-infantil-y-bienestar-holistico-3-6-anos\/\" \/>\n<meta property=\"og:locale\" content=\"ca_ES\" \/>\n<meta property=\"og:type\" content=\"article\" \/>\n<meta property=\"og:title\" content=\"Yoga Infantil y Bienestar 3-6 A\u00f1os | Sentim amb Moviment\" \/>\n<meta property=\"og:description\" content=\"Descubre c\u00f3mo el yoga infantil promueve la salud y el bienestar hol\u00edstico en ni\u00f1os de 3 a 6 a\u00f1os. Oferta especial: de 136,00 \u20ac a 102,00 \u20ac. \u00a1Env\u00edo gratis y devoluci\u00f3n en 100 d\u00edas!\" \/>\n<meta property=\"og:url\" content=\"https:\/\/sentimambmoviment.com\/ca\/producto\/yoga-infantil-y-bienestar-holistico-3-6-anos\/\" \/>\n<meta property=\"og:site_name\" content=\"Sentim amb Moviment\" \/>\n<meta property=\"article:modified_time\" content=\"2025-11-16T02:44:59+00:00\" \/>\n<meta property=\"og:image\" content=\"https:\/\/sentimambmoviment.com\/wp-content\/uploads\/2025\/10\/Leonardo_Vision_XL_Imagen_de_nios_de_3_a_6_aos_practicando_yog_0.jpg\" \/>\n\t<meta property=\"og:image:width\" content=\"1792\" \/>\n\t<meta property=\"og:image:height\" content=\"1456\" \/>\n\t<meta property=\"og:image:type\" content=\"image\/jpeg\" \/>\n<meta name=\"twitter:card\" content=\"summary_large_image\" \/>\n<!-- \/ Yoast SEO plugin. -->","yoast_head_json":{"title":"Yoga Infantil y Bienestar 3-6 A\u00f1os | Sentim amb Moviment","description":"Descubre c\u00f3mo el yoga infantil promueve la salud y el bienestar hol\u00edstico en ni\u00f1os de 3 a 6 a\u00f1os. Oferta especial: de 136,00 \u20ac a 102,00 \u20ac. \u00a1Env\u00edo gratis y devoluci\u00f3n en 100 d\u00edas!","robots":{"index":"index","follow":"follow","max-snippet":"max-snippet:-1","max-image-preview":"max-image-preview:large","max-video-preview":"max-video-preview:-1"},"canonical":"https:\/\/sentimambmoviment.com\/ca\/producto\/yoga-infantil-y-bienestar-holistico-3-6-anos\/","og_locale":"ca_ES","og_type":"article","og_title":"Yoga Infantil y Bienestar 3-6 A\u00f1os | Sentim amb Moviment","og_description":"Descubre c\u00f3mo el yoga infantil promueve la salud y el bienestar hol\u00edstico en ni\u00f1os de 3 a 6 a\u00f1os. Oferta especial: de 136,00 \u20ac a 102,00 \u20ac. \u00a1Env\u00edo gratis y devoluci\u00f3n en 100 d\u00edas!","og_url":"https:\/\/sentimambmoviment.com\/ca\/producto\/yoga-infantil-y-bienestar-holistico-3-6-anos\/","og_site_name":"Sentim amb Moviment","article_modified_time":"2025-11-16T02:44:59+00:00","og_image":[{"width":1792,"height":1456,"url":"https:\/\/sentimambmoviment.com\/wp-content\/uploads\/2025\/10\/Leonardo_Vision_XL_Imagen_de_nios_de_3_a_6_aos_practicando_yog_0.jpg","type":"image\/jpeg"}],"twitter_card":"summary_large_image","schema":{"@context":"https:\/\/schema.org","@graph":[{"@type":"WebPage","@id":"https:\/\/sentimambmoviment.com\/ca\/producto\/yoga-infantil-y-bienestar-holistico-3-6-anos\/","url":"https:\/\/sentimambmoviment.com\/ca\/producto\/yoga-infantil-y-bienestar-holistico-3-6-anos\/","name":"Yoga Infantil y Bienestar 3-6 A\u00f1os | Sentim amb Moviment","isPartOf":{"@id":"https:\/\/sentimambmoviment.com\/ca\/#website"},"primaryImageOfPage":{"@id":"https:\/\/sentimambmoviment.com\/ca\/producto\/yoga-infantil-y-bienestar-holistico-3-6-anos\/#primaryimage"},"image":{"@id":"https:\/\/sentimambmoviment.com\/ca\/producto\/yoga-infantil-y-bienestar-holistico-3-6-anos\/#primaryimage"},"thumbnailUrl":"https:\/\/sentimambmoviment.com\/wp-content\/uploads\/2025\/10\/Leonardo_Vision_XL_Imagen_de_nios_de_3_a_6_aos_practicando_yog_0.jpg","datePublished":"2025-10-29T16:26:10+00:00","dateModified":"2025-11-16T02:44:59+00:00","description":"Descubre c\u00f3mo el yoga infantil promueve la salud y el bienestar hol\u00edstico en ni\u00f1os de 3 a 6 a\u00f1os. Oferta especial: de 136,00 \u20ac a 102,00 \u20ac. \u00a1Env\u00edo gratis y devoluci\u00f3n en 100 d\u00edas!","breadcrumb":{"@id":"https:\/\/sentimambmoviment.com\/ca\/producto\/yoga-infantil-y-bienestar-holistico-3-6-anos\/#breadcrumb"},"inLanguage":"ca","potentialAction":[{"@type":"ReadAction","target":["https:\/\/sentimambmoviment.com\/ca\/producto\/yoga-infantil-y-bienestar-holistico-3-6-anos\/"]}]},{"@type":"ImageObject","inLanguage":"ca","@id":"https:\/\/sentimambmoviment.com\/ca\/producto\/yoga-infantil-y-bienestar-holistico-3-6-anos\/#primaryimage","url":"https:\/\/sentimambmoviment.com\/wp-content\/uploads\/2025\/10\/Leonardo_Vision_XL_Imagen_de_nios_de_3_a_6_aos_practicando_yog_0.jpg","contentUrl":"https:\/\/sentimambmoviment.com\/wp-content\/uploads\/2025\/10\/Leonardo_Vision_XL_Imagen_de_nios_de_3_a_6_aos_practicando_yog_0.jpg","width":1792,"height":1456},{"@type":"BreadcrumbList","@id":"https:\/\/sentimambmoviment.com\/ca\/producto\/yoga-infantil-y-bienestar-holistico-3-6-anos\/#breadcrumb","itemListElement":[{"@type":"ListItem","position":1,"name":"Portada","item":"https:\/\/sentimambmoviment.com\/ca\/home\/"},{"@type":"ListItem","position":2,"name":"Tienda","item":"https:\/\/sentimambmoviment.com\/ca\/tienda\/"},{"@type":"ListItem","position":3,"name":"Yoga infantil y bienestar hol\u00edstico 3-6 a\u00f1os"}]},{"@type":"WebSite","@id":"https:\/\/sentimambmoviment.com\/ca\/#website","url":"https:\/\/sentimambmoviment.com\/ca\/","name":"Sentim amb Moviment","description":"","potentialAction":[{"@type":"SearchAction","target":{"@type":"EntryPoint","urlTemplate":"https:\/\/sentimambmoviment.com\/ca\/?s={search_term_string}"},"query-input":{"@type":"PropertyValueSpecification","valueRequired":true,"valueName":"search_term_string"}}],"inLanguage":"ca"}]}},"_links":{"self":[{"href":"https:\/\/sentimambmoviment.com\/ca\/wp-json\/wp\/v2\/product\/608","targetHints":{"allow":["GET"]}}],"collection":[{"href":"https:\/\/sentimambmoviment.com\/ca\/wp-json\/wp\/v2\/product"}],"about":[{"href":"https:\/\/sentimambmoviment.com\/ca\/wp-json\/wp\/v2\/types\/product"}],"replies":[{"embeddable":true,"href":"https:\/\/sentimambmoviment.com\/ca\/wp-json\/wp\/v2\/comments?post=608"}],"wp:featuredmedia":[{"embeddable":true,"href":"https:\/\/sentimambmoviment.com\/ca\/wp-json\/wp\/v2\/media\/418"}],"wp:attachment":[{"href":"https:\/\/sentimambmoviment.com\/ca\/wp-json\/wp\/v2\/media?parent=608"}],"wp:term":[{"taxonomy":"marca","embeddable":true,"href":"https:\/\/sentimambmoviment.com\/ca\/wp-json\/wp\/v2\/marca?post=608"},{"taxonomy":"product_brand","embeddable":true,"href":"https:\/\/sentimambmoviment.com\/ca\/wp-json\/wp\/v2\/product_brand?post=608"},{"taxonomy":"product_cat","embeddable":true,"href":"https:\/\/sentimambmoviment.com\/ca\/wp-json\/wp\/v2\/product_cat?post=608"},{"taxonomy":"product_tag","embeddable":true,"href":"https:\/\/sentimambmoviment.com\/ca\/wp-json\/wp\/v2\/product_tag?post=608"}],"curies":[{"name":"wp","href":"https:\/\/api.w.org\/{rel}","templated":true}]}}