{"id":607,"date":"2025-10-29T16:27:01","date_gmt":"2025-10-29T16:27:01","guid":{"rendered":"https:\/\/sentimambmoviment.com\/producto\/yoga-juvenil-salud-y-bienestar-natural\/"},"modified":"2025-11-16T02:44:59","modified_gmt":"2025-11-16T02:44:59","slug":"yoga-juvenil-salud-y-bienestar-natural","status":"publish","type":"product","link":"https:\/\/sentimambmoviment.com\/ca\/producto\/yoga-juvenil-salud-y-bienestar-natural\/","title":{"rendered":"Yoga Juvenil: Salud y Bienestar Natural"},"content":{"rendered":"","protected":false},"excerpt":{"rendered":"<p>Yoga juvenil para equilibrio y bienestar entre 7 y 17 a\u00f1os.<\/p>\n","protected":false},"featured_media":427,"comment_status":"open","ping_status":"closed","template":"","meta":{"_acf_changed":false,"iawp_total_views":0},"marca":[67,72],"product_brand":[],"product_cat":[127,129],"product_tag":[103,115,142],"class_list":{"0":"post-607","1":"product","2":"type-product","3":"status-publish","4":"has-post-thumbnail","6":"marca-moviment","7":"marca-sentim-yoga","8":"product_cat-yoga-de-13-a-17-anos-ca","9":"product_cat-yoga-de-7-a-12-anos-ca","10":"product_tag-bienestar-ca","11":"product_tag-salud-ca","12":"product_tag-yoga-juvenil-ca","14":"first","15":"instock","16":"sale","17":"shipping-taxable","18":"purchasable","19":"product-type-simple"},"acf":[],"yoast_head":"<!-- This site is optimized with the Yoast SEO plugin v27.4 - https:\/\/yoast.com\/product\/yoast-seo-wordpress\/ -->\n<title>Yoga Juvenil: Salud y Bienestar Natural<\/title>\n<meta name=\"description\" content=\"Explora el yoga para j\u00f3venes entre 13 y 17 a\u00f1os con Sentim amb Moviment. Mejora el equilibrio y bienestar a un precio especial de 316,88 \u20ac con env\u00edo gratis y 100 d\u00edas de devoluci\u00f3n.\" \/>\n<meta name=\"robots\" content=\"index, follow, max-snippet:-1, max-image-preview:large, max-video-preview:-1\" \/>\n<link rel=\"canonical\" href=\"https:\/\/sentimambmoviment.com\/ca\/producto\/yoga-juvenil-salud-y-bienestar-natural\/\" \/>\n<meta property=\"og:locale\" content=\"ca_ES\" \/>\n<meta property=\"og:type\" content=\"article\" \/>\n<meta property=\"og:title\" content=\"Yoga Juvenil: Salud y Bienestar Natural\" \/>\n<meta property=\"og:description\" content=\"Explora el yoga para j\u00f3venes entre 13 y 17 a\u00f1os con Sentim amb Moviment. Mejora el equilibrio y bienestar a un precio especial de 316,88 \u20ac con env\u00edo gratis y 100 d\u00edas de devoluci\u00f3n.\" \/>\n<meta property=\"og:url\" content=\"https:\/\/sentimambmoviment.com\/ca\/producto\/yoga-juvenil-salud-y-bienestar-natural\/\" \/>\n<meta property=\"og:site_name\" content=\"Sentim amb Moviment\" \/>\n<meta property=\"article:modified_time\" content=\"2025-11-16T02:44:59+00:00\" \/>\n<meta property=\"og:image\" content=\"https:\/\/sentimambmoviment.com\/wp-content\/uploads\/2025\/10\/Leonardo_Vision_XL_Una_clase_de_yoga_juvenil_en_un_entorno_nat_0.jpg\" \/>\n\t<meta property=\"og:image:width\" content=\"1792\" \/>\n\t<meta property=\"og:image:height\" content=\"1456\" \/>\n\t<meta property=\"og:image:type\" content=\"image\/jpeg\" \/>\n<meta name=\"twitter:card\" content=\"summary_large_image\" \/>\n<!-- \/ Yoast SEO plugin. -->","yoast_head_json":{"title":"Yoga Juvenil: Salud y Bienestar Natural","description":"Explora el yoga para j\u00f3venes entre 13 y 17 a\u00f1os con Sentim amb Moviment. Mejora el equilibrio y bienestar a un precio especial de 316,88 \u20ac con env\u00edo gratis y 100 d\u00edas de devoluci\u00f3n.","robots":{"index":"index","follow":"follow","max-snippet":"max-snippet:-1","max-image-preview":"max-image-preview:large","max-video-preview":"max-video-preview:-1"},"canonical":"https:\/\/sentimambmoviment.com\/ca\/producto\/yoga-juvenil-salud-y-bienestar-natural\/","og_locale":"ca_ES","og_type":"article","og_title":"Yoga Juvenil: Salud y Bienestar Natural","og_description":"Explora el yoga para j\u00f3venes entre 13 y 17 a\u00f1os con Sentim amb Moviment. Mejora el equilibrio y bienestar a un precio especial de 316,88 \u20ac con env\u00edo gratis y 100 d\u00edas de devoluci\u00f3n.","og_url":"https:\/\/sentimambmoviment.com\/ca\/producto\/yoga-juvenil-salud-y-bienestar-natural\/","og_site_name":"Sentim amb Moviment","article_modified_time":"2025-11-16T02:44:59+00:00","og_image":[{"width":1792,"height":1456,"url":"https:\/\/sentimambmoviment.com\/wp-content\/uploads\/2025\/10\/Leonardo_Vision_XL_Una_clase_de_yoga_juvenil_en_un_entorno_nat_0.jpg","type":"image\/jpeg"}],"twitter_card":"summary_large_image","schema":{"@context":"https:\/\/schema.org","@graph":[{"@type":"WebPage","@id":"https:\/\/sentimambmoviment.com\/ca\/producto\/yoga-juvenil-salud-y-bienestar-natural\/","url":"https:\/\/sentimambmoviment.com\/ca\/producto\/yoga-juvenil-salud-y-bienestar-natural\/","name":"Yoga Juvenil: Salud y Bienestar Natural","isPartOf":{"@id":"https:\/\/sentimambmoviment.com\/ca\/#website"},"primaryImageOfPage":{"@id":"https:\/\/sentimambmoviment.com\/ca\/producto\/yoga-juvenil-salud-y-bienestar-natural\/#primaryimage"},"image":{"@id":"https:\/\/sentimambmoviment.com\/ca\/producto\/yoga-juvenil-salud-y-bienestar-natural\/#primaryimage"},"thumbnailUrl":"https:\/\/sentimambmoviment.com\/wp-content\/uploads\/2025\/10\/Leonardo_Vision_XL_Una_clase_de_yoga_juvenil_en_un_entorno_nat_0.jpg","datePublished":"2025-10-29T16:27:01+00:00","dateModified":"2025-11-16T02:44:59+00:00","description":"Explora el yoga para j\u00f3venes entre 13 y 17 a\u00f1os con Sentim amb Moviment. Mejora el equilibrio y bienestar a un precio especial de 316,88 \u20ac con env\u00edo gratis y 100 d\u00edas de devoluci\u00f3n.","breadcrumb":{"@id":"https:\/\/sentimambmoviment.com\/ca\/producto\/yoga-juvenil-salud-y-bienestar-natural\/#breadcrumb"},"inLanguage":"ca","potentialAction":[{"@type":"ReadAction","target":["https:\/\/sentimambmoviment.com\/ca\/producto\/yoga-juvenil-salud-y-bienestar-natural\/"]}]},{"@type":"ImageObject","inLanguage":"ca","@id":"https:\/\/sentimambmoviment.com\/ca\/producto\/yoga-juvenil-salud-y-bienestar-natural\/#primaryimage","url":"https:\/\/sentimambmoviment.com\/wp-content\/uploads\/2025\/10\/Leonardo_Vision_XL_Una_clase_de_yoga_juvenil_en_un_entorno_nat_0.jpg","contentUrl":"https:\/\/sentimambmoviment.com\/wp-content\/uploads\/2025\/10\/Leonardo_Vision_XL_Una_clase_de_yoga_juvenil_en_un_entorno_nat_0.jpg","width":1792,"height":1456},{"@type":"BreadcrumbList","@id":"https:\/\/sentimambmoviment.com\/ca\/producto\/yoga-juvenil-salud-y-bienestar-natural\/#breadcrumb","itemListElement":[{"@type":"ListItem","position":1,"name":"Portada","item":"https:\/\/sentimambmoviment.com\/ca\/home\/"},{"@type":"ListItem","position":2,"name":"Tienda","item":"https:\/\/sentimambmoviment.com\/ca\/tienda\/"},{"@type":"ListItem","position":3,"name":"Yoga Juvenil: Salud y Bienestar Natural"}]},{"@type":"WebSite","@id":"https:\/\/sentimambmoviment.com\/ca\/#website","url":"https:\/\/sentimambmoviment.com\/ca\/","name":"Sentim amb Moviment","description":"","potentialAction":[{"@type":"SearchAction","target":{"@type":"EntryPoint","urlTemplate":"https:\/\/sentimambmoviment.com\/ca\/?s={search_term_string}"},"query-input":{"@type":"PropertyValueSpecification","valueRequired":true,"valueName":"search_term_string"}}],"inLanguage":"ca"}]}},"_links":{"self":[{"href":"https:\/\/sentimambmoviment.com\/ca\/wp-json\/wp\/v2\/product\/607","targetHints":{"allow":["GET"]}}],"collection":[{"href":"https:\/\/sentimambmoviment.com\/ca\/wp-json\/wp\/v2\/product"}],"about":[{"href":"https:\/\/sentimambmoviment.com\/ca\/wp-json\/wp\/v2\/types\/product"}],"replies":[{"embeddable":true,"href":"https:\/\/sentimambmoviment.com\/ca\/wp-json\/wp\/v2\/comments?post=607"}],"wp:featuredmedia":[{"embeddable":true,"href":"https:\/\/sentimambmoviment.com\/ca\/wp-json\/wp\/v2\/media\/427"}],"wp:attachment":[{"href":"https:\/\/sentimambmoviment.com\/ca\/wp-json\/wp\/v2\/media?parent=607"}],"wp:term":[{"taxonomy":"marca","embeddable":true,"href":"https:\/\/sentimambmoviment.com\/ca\/wp-json\/wp\/v2\/marca?post=607"},{"taxonomy":"product_brand","embeddable":true,"href":"https:\/\/sentimambmoviment.com\/ca\/wp-json\/wp\/v2\/product_brand?post=607"},{"taxonomy":"product_cat","embeddable":true,"href":"https:\/\/sentimambmoviment.com\/ca\/wp-json\/wp\/v2\/product_cat?post=607"},{"taxonomy":"product_tag","embeddable":true,"href":"https:\/\/sentimambmoviment.com\/ca\/wp-json\/wp\/v2\/product_tag?post=607"}],"curies":[{"name":"wp","href":"https:\/\/api.w.org\/{rel}","templated":true}]}}