{"id":605,"date":"2025-10-29T16:28:42","date_gmt":"2025-10-29T16:28:42","guid":{"rendered":"https:\/\/sentimambmoviment.com\/producto\/yoga-y-salud-conexion-holistica\/"},"modified":"2025-11-16T02:45:16","modified_gmt":"2025-11-16T02:45:16","slug":"yoga-y-salud-conexion-holistica","status":"publish","type":"product","link":"https:\/\/sentimambmoviment.com\/ca\/producto\/yoga-y-salud-conexion-holistica\/","title":{"rendered":"Yoga y Salud: Conexi\u00f3n Hol\u00edstica"},"content":{"rendered":"","protected":false},"excerpt":{"rendered":"<p>Equilibrio y bienestar en cada etapa con yoga.<\/p>\n","protected":false},"featured_media":445,"comment_status":"open","ping_status":"closed","template":"","meta":{"_acf_changed":false,"iawp_total_views":0},"marca":[74,72],"product_brand":[],"product_cat":[120,121],"product_tag":[136,137,138],"class_list":{"0":"post-605","1":"product","2":"type-product","3":"status-publish","4":"has-post-thumbnail","6":"marca-moviment-salud","7":"marca-sentim-yoga","8":"product_cat-bienestar-y-salud-holistica-ca","9":"product_cat-conocerse-y-espresarse-para-ser-autentica-ca","10":"product_tag-bienestar-holistico-ca","11":"product_tag-salud-y-movimiento-ca","12":"product_tag-yoga-integral-ca","14":"first","15":"instock","16":"sale","17":"shipping-taxable","18":"purchasable","19":"product-type-simple"},"acf":[],"yoast_head":"<!-- This site is optimized with the Yoast SEO plugin v27.4 - https:\/\/yoast.com\/product\/yoast-seo-wordpress\/ -->\n<title>Yoga y Salud: Conexi\u00f3n Hol\u00edstica - Sentim amb Moviment<\/title>\n<meta name=\"description\" content=\"Descubre c\u00f3mo el yoga puede transformar tu bienestar con &quot;Yoga y Salud: Conexi\u00f3n Hol\u00edstica&quot;. Ofrecemos env\u00edo gratis y 100 d\u00edas de devoluci\u00f3n.\" \/>\n<meta name=\"robots\" content=\"index, follow, max-snippet:-1, max-image-preview:large, max-video-preview:-1\" \/>\n<link rel=\"canonical\" href=\"https:\/\/sentimambmoviment.com\/ca\/producto\/yoga-y-salud-conexion-holistica\/\" \/>\n<meta property=\"og:locale\" content=\"ca_ES\" \/>\n<meta property=\"og:type\" content=\"article\" \/>\n<meta property=\"og:title\" content=\"Yoga y Salud: Conexi\u00f3n Hol\u00edstica - Sentim amb Moviment\" \/>\n<meta property=\"og:description\" content=\"Descubre c\u00f3mo el yoga puede transformar tu bienestar con &quot;Yoga y Salud: Conexi\u00f3n Hol\u00edstica&quot;. Ofrecemos env\u00edo gratis y 100 d\u00edas de devoluci\u00f3n.\" \/>\n<meta property=\"og:url\" content=\"https:\/\/sentimambmoviment.com\/ca\/producto\/yoga-y-salud-conexion-holistica\/\" \/>\n<meta property=\"og:site_name\" content=\"Sentim amb Moviment\" \/>\n<meta property=\"article:modified_time\" content=\"2025-11-16T02:45:16+00:00\" \/>\n<meta property=\"og:image\" content=\"https:\/\/sentimambmoviment.com\/wp-content\/uploads\/2025\/10\/Leonardo_Vision_XL_Crear_una_imagen_inspirada_en_la_tranquilid_0.jpg\" \/>\n\t<meta property=\"og:image:width\" content=\"1792\" \/>\n\t<meta property=\"og:image:height\" content=\"1456\" \/>\n\t<meta property=\"og:image:type\" content=\"image\/jpeg\" \/>\n<meta name=\"twitter:card\" content=\"summary_large_image\" \/>\n<!-- \/ Yoast SEO plugin. -->","yoast_head_json":{"title":"Yoga y Salud: Conexi\u00f3n Hol\u00edstica - Sentim amb Moviment","description":"Descubre c\u00f3mo el yoga puede transformar tu bienestar con \"Yoga y Salud: Conexi\u00f3n Hol\u00edstica\". Ofrecemos env\u00edo gratis y 100 d\u00edas de devoluci\u00f3n.","robots":{"index":"index","follow":"follow","max-snippet":"max-snippet:-1","max-image-preview":"max-image-preview:large","max-video-preview":"max-video-preview:-1"},"canonical":"https:\/\/sentimambmoviment.com\/ca\/producto\/yoga-y-salud-conexion-holistica\/","og_locale":"ca_ES","og_type":"article","og_title":"Yoga y Salud: Conexi\u00f3n Hol\u00edstica - Sentim amb Moviment","og_description":"Descubre c\u00f3mo el yoga puede transformar tu bienestar con \"Yoga y Salud: Conexi\u00f3n Hol\u00edstica\". Ofrecemos env\u00edo gratis y 100 d\u00edas de devoluci\u00f3n.","og_url":"https:\/\/sentimambmoviment.com\/ca\/producto\/yoga-y-salud-conexion-holistica\/","og_site_name":"Sentim amb Moviment","article_modified_time":"2025-11-16T02:45:16+00:00","og_image":[{"width":1792,"height":1456,"url":"https:\/\/sentimambmoviment.com\/wp-content\/uploads\/2025\/10\/Leonardo_Vision_XL_Crear_una_imagen_inspirada_en_la_tranquilid_0.jpg","type":"image\/jpeg"}],"twitter_card":"summary_large_image","schema":{"@context":"https:\/\/schema.org","@graph":[{"@type":"WebPage","@id":"https:\/\/sentimambmoviment.com\/ca\/producto\/yoga-y-salud-conexion-holistica\/","url":"https:\/\/sentimambmoviment.com\/ca\/producto\/yoga-y-salud-conexion-holistica\/","name":"Yoga y Salud: Conexi\u00f3n Hol\u00edstica - Sentim amb Moviment","isPartOf":{"@id":"https:\/\/sentimambmoviment.com\/ca\/#website"},"primaryImageOfPage":{"@id":"https:\/\/sentimambmoviment.com\/ca\/producto\/yoga-y-salud-conexion-holistica\/#primaryimage"},"image":{"@id":"https:\/\/sentimambmoviment.com\/ca\/producto\/yoga-y-salud-conexion-holistica\/#primaryimage"},"thumbnailUrl":"https:\/\/sentimambmoviment.com\/wp-content\/uploads\/2025\/10\/Leonardo_Vision_XL_Crear_una_imagen_inspirada_en_la_tranquilid_0.jpg","datePublished":"2025-10-29T16:28:42+00:00","dateModified":"2025-11-16T02:45:16+00:00","description":"Descubre c\u00f3mo el yoga puede transformar tu bienestar con \"Yoga y Salud: Conexi\u00f3n Hol\u00edstica\". Ofrecemos env\u00edo gratis y 100 d\u00edas de devoluci\u00f3n.","breadcrumb":{"@id":"https:\/\/sentimambmoviment.com\/ca\/producto\/yoga-y-salud-conexion-holistica\/#breadcrumb"},"inLanguage":"ca","potentialAction":[{"@type":"ReadAction","target":["https:\/\/sentimambmoviment.com\/ca\/producto\/yoga-y-salud-conexion-holistica\/"]}]},{"@type":"ImageObject","inLanguage":"ca","@id":"https:\/\/sentimambmoviment.com\/ca\/producto\/yoga-y-salud-conexion-holistica\/#primaryimage","url":"https:\/\/sentimambmoviment.com\/wp-content\/uploads\/2025\/10\/Leonardo_Vision_XL_Crear_una_imagen_inspirada_en_la_tranquilid_0.jpg","contentUrl":"https:\/\/sentimambmoviment.com\/wp-content\/uploads\/2025\/10\/Leonardo_Vision_XL_Crear_una_imagen_inspirada_en_la_tranquilid_0.jpg","width":1792,"height":1456},{"@type":"BreadcrumbList","@id":"https:\/\/sentimambmoviment.com\/ca\/producto\/yoga-y-salud-conexion-holistica\/#breadcrumb","itemListElement":[{"@type":"ListItem","position":1,"name":"Portada","item":"https:\/\/sentimambmoviment.com\/ca\/home\/"},{"@type":"ListItem","position":2,"name":"Tienda","item":"https:\/\/sentimambmoviment.com\/ca\/tienda\/"},{"@type":"ListItem","position":3,"name":"Yoga y Salud: Conexi\u00f3n Hol\u00edstica"}]},{"@type":"WebSite","@id":"https:\/\/sentimambmoviment.com\/ca\/#website","url":"https:\/\/sentimambmoviment.com\/ca\/","name":"Sentim amb Moviment","description":"","potentialAction":[{"@type":"SearchAction","target":{"@type":"EntryPoint","urlTemplate":"https:\/\/sentimambmoviment.com\/ca\/?s={search_term_string}"},"query-input":{"@type":"PropertyValueSpecification","valueRequired":true,"valueName":"search_term_string"}}],"inLanguage":"ca"}]}},"_links":{"self":[{"href":"https:\/\/sentimambmoviment.com\/ca\/wp-json\/wp\/v2\/product\/605","targetHints":{"allow":["GET"]}}],"collection":[{"href":"https:\/\/sentimambmoviment.com\/ca\/wp-json\/wp\/v2\/product"}],"about":[{"href":"https:\/\/sentimambmoviment.com\/ca\/wp-json\/wp\/v2\/types\/product"}],"replies":[{"embeddable":true,"href":"https:\/\/sentimambmoviment.com\/ca\/wp-json\/wp\/v2\/comments?post=605"}],"wp:featuredmedia":[{"embeddable":true,"href":"https:\/\/sentimambmoviment.com\/ca\/wp-json\/wp\/v2\/media\/445"}],"wp:attachment":[{"href":"https:\/\/sentimambmoviment.com\/ca\/wp-json\/wp\/v2\/media?parent=605"}],"wp:term":[{"taxonomy":"marca","embeddable":true,"href":"https:\/\/sentimambmoviment.com\/ca\/wp-json\/wp\/v2\/marca?post=605"},{"taxonomy":"product_brand","embeddable":true,"href":"https:\/\/sentimambmoviment.com\/ca\/wp-json\/wp\/v2\/product_brand?post=605"},{"taxonomy":"product_cat","embeddable":true,"href":"https:\/\/sentimambmoviment.com\/ca\/wp-json\/wp\/v2\/product_cat?post=605"},{"taxonomy":"product_tag","embeddable":true,"href":"https:\/\/sentimambmoviment.com\/ca\/wp-json\/wp\/v2\/product_tag?post=605"}],"curies":[{"name":"wp","href":"https:\/\/api.w.org\/{rel}","templated":true}]}}