{"id":591,"date":"2025-10-29T16:40:24","date_gmt":"2025-10-29T16:40:24","guid":{"rendered":"https:\/\/sentimambmoviment.com\/producto\/yoga-saludable-para-peques-y-jovenes-3-6-anos\/"},"modified":"2025-11-16T02:04:53","modified_gmt":"2025-11-16T02:04:53","slug":"yoga-saludable-para-peques-y-jovenes-3-6-anos","status":"publish","type":"product","link":"https:\/\/sentimambmoviment.com\/ca\/producto\/yoga-saludable-para-peques-y-jovenes-3-6-anos\/","title":{"rendered":"Yoga Saludable para Peques y J\u00f3venes 3-6 A\u00f1os"},"content":{"rendered":"","protected":false},"excerpt":{"rendered":"<p>Yoga infantil de 3 a 6 a\u00f1os para promover salud y bienestar.<\/p>\n","protected":false},"featured_media":571,"comment_status":"open","ping_status":"closed","template":"","meta":{"_acf_changed":false,"iawp_total_views":0},"marca":[99,72],"product_brand":[],"product_cat":[101,102],"product_tag":[103,104,105],"class_list":{"0":"post-591","1":"product","2":"type-product","3":"status-publish","4":"has-post-thumbnail","6":"marca-moviment-kids","7":"marca-sentim-yoga","8":"product_cat-yoga-de-3-a-6-anos-ca","9":"product_cat-yoga-infantil-y-juvenil-ca","10":"product_tag-bienestar-ca","11":"product_tag-salud-ninos-ca","12":"product_tag-yoga-infantil-ca","14":"first","15":"instock","16":"sale","17":"shipping-taxable","18":"purchasable","19":"product-type-simple"},"acf":[],"yoast_head":"<!-- This site is optimized with the Yoast SEO plugin v27.4 - https:\/\/yoast.com\/product\/yoast-seo-wordpress\/ -->\n<title>Yoga Saludable 3-6 A\u00f1os | Sentim amb Moviment<\/title>\n<meta name=\"description\" content=\"Descubre nuestras clases de yoga para ni\u00f1os de 3 a 6 a\u00f1os. Promueve su salud y bienestar con un 25% de descuento en Sentim amb Moviment.\" \/>\n<meta name=\"robots\" content=\"index, follow, max-snippet:-1, max-image-preview:large, max-video-preview:-1\" \/>\n<link rel=\"canonical\" href=\"https:\/\/sentimambmoviment.com\/ca\/producto\/yoga-saludable-para-peques-y-jovenes-3-6-anos\/\" \/>\n<meta property=\"og:locale\" content=\"ca_ES\" \/>\n<meta property=\"og:type\" content=\"article\" \/>\n<meta property=\"og:title\" content=\"Yoga Saludable 3-6 A\u00f1os | Sentim amb Moviment\" \/>\n<meta property=\"og:description\" content=\"Descubre nuestras clases de yoga para ni\u00f1os de 3 a 6 a\u00f1os. Promueve su salud y bienestar con un 25% de descuento en Sentim amb Moviment.\" \/>\n<meta property=\"og:url\" content=\"https:\/\/sentimambmoviment.com\/ca\/producto\/yoga-saludable-para-peques-y-jovenes-3-6-anos\/\" \/>\n<meta property=\"og:site_name\" content=\"Sentim amb Moviment\" \/>\n<meta property=\"article:modified_time\" content=\"2025-11-16T02:04:53+00:00\" \/>\n<meta property=\"og:image\" content=\"https:\/\/sentimambmoviment.com\/wp-content\/uploads\/2025\/10\/Leonardo_Vision_XL_Una_imagen_de_una_clase_de_yoga_para_nios_d_0.jpg\" \/>\n\t<meta property=\"og:image:width\" content=\"1792\" \/>\n\t<meta property=\"og:image:height\" content=\"1456\" \/>\n\t<meta property=\"og:image:type\" content=\"image\/jpeg\" \/>\n<meta name=\"twitter:card\" content=\"summary_large_image\" \/>\n<!-- \/ Yoast SEO plugin. -->","yoast_head_json":{"title":"Yoga Saludable 3-6 A\u00f1os | Sentim amb Moviment","description":"Descubre nuestras clases de yoga para ni\u00f1os de 3 a 6 a\u00f1os. Promueve su salud y bienestar con un 25% de descuento en Sentim amb Moviment.","robots":{"index":"index","follow":"follow","max-snippet":"max-snippet:-1","max-image-preview":"max-image-preview:large","max-video-preview":"max-video-preview:-1"},"canonical":"https:\/\/sentimambmoviment.com\/ca\/producto\/yoga-saludable-para-peques-y-jovenes-3-6-anos\/","og_locale":"ca_ES","og_type":"article","og_title":"Yoga Saludable 3-6 A\u00f1os | Sentim amb Moviment","og_description":"Descubre nuestras clases de yoga para ni\u00f1os de 3 a 6 a\u00f1os. Promueve su salud y bienestar con un 25% de descuento en Sentim amb Moviment.","og_url":"https:\/\/sentimambmoviment.com\/ca\/producto\/yoga-saludable-para-peques-y-jovenes-3-6-anos\/","og_site_name":"Sentim amb Moviment","article_modified_time":"2025-11-16T02:04:53+00:00","og_image":[{"width":1792,"height":1456,"url":"https:\/\/sentimambmoviment.com\/wp-content\/uploads\/2025\/10\/Leonardo_Vision_XL_Una_imagen_de_una_clase_de_yoga_para_nios_d_0.jpg","type":"image\/jpeg"}],"twitter_card":"summary_large_image","schema":{"@context":"https:\/\/schema.org","@graph":[{"@type":"WebPage","@id":"https:\/\/sentimambmoviment.com\/ca\/producto\/yoga-saludable-para-peques-y-jovenes-3-6-anos\/","url":"https:\/\/sentimambmoviment.com\/ca\/producto\/yoga-saludable-para-peques-y-jovenes-3-6-anos\/","name":"Yoga Saludable 3-6 A\u00f1os | Sentim amb Moviment","isPartOf":{"@id":"https:\/\/sentimambmoviment.com\/ca\/#website"},"primaryImageOfPage":{"@id":"https:\/\/sentimambmoviment.com\/ca\/producto\/yoga-saludable-para-peques-y-jovenes-3-6-anos\/#primaryimage"},"image":{"@id":"https:\/\/sentimambmoviment.com\/ca\/producto\/yoga-saludable-para-peques-y-jovenes-3-6-anos\/#primaryimage"},"thumbnailUrl":"https:\/\/sentimambmoviment.com\/wp-content\/uploads\/2025\/10\/Leonardo_Vision_XL_Una_imagen_de_una_clase_de_yoga_para_nios_d_0.jpg","datePublished":"2025-10-29T16:40:24+00:00","dateModified":"2025-11-16T02:04:53+00:00","description":"Descubre nuestras clases de yoga para ni\u00f1os de 3 a 6 a\u00f1os. Promueve su salud y bienestar con un 25% de descuento en Sentim amb Moviment.","breadcrumb":{"@id":"https:\/\/sentimambmoviment.com\/ca\/producto\/yoga-saludable-para-peques-y-jovenes-3-6-anos\/#breadcrumb"},"inLanguage":"ca","potentialAction":[{"@type":"ReadAction","target":["https:\/\/sentimambmoviment.com\/ca\/producto\/yoga-saludable-para-peques-y-jovenes-3-6-anos\/"]}]},{"@type":"ImageObject","inLanguage":"ca","@id":"https:\/\/sentimambmoviment.com\/ca\/producto\/yoga-saludable-para-peques-y-jovenes-3-6-anos\/#primaryimage","url":"https:\/\/sentimambmoviment.com\/wp-content\/uploads\/2025\/10\/Leonardo_Vision_XL_Una_imagen_de_una_clase_de_yoga_para_nios_d_0.jpg","contentUrl":"https:\/\/sentimambmoviment.com\/wp-content\/uploads\/2025\/10\/Leonardo_Vision_XL_Una_imagen_de_una_clase_de_yoga_para_nios_d_0.jpg","width":1792,"height":1456},{"@type":"BreadcrumbList","@id":"https:\/\/sentimambmoviment.com\/ca\/producto\/yoga-saludable-para-peques-y-jovenes-3-6-anos\/#breadcrumb","itemListElement":[{"@type":"ListItem","position":1,"name":"Portada","item":"https:\/\/sentimambmoviment.com\/ca\/home\/"},{"@type":"ListItem","position":2,"name":"Tienda","item":"https:\/\/sentimambmoviment.com\/ca\/tienda\/"},{"@type":"ListItem","position":3,"name":"Yoga Saludable para Peques y J\u00f3venes 3-6 A\u00f1os"}]},{"@type":"WebSite","@id":"https:\/\/sentimambmoviment.com\/ca\/#website","url":"https:\/\/sentimambmoviment.com\/ca\/","name":"Sentim amb Moviment","description":"","potentialAction":[{"@type":"SearchAction","target":{"@type":"EntryPoint","urlTemplate":"https:\/\/sentimambmoviment.com\/ca\/?s={search_term_string}"},"query-input":{"@type":"PropertyValueSpecification","valueRequired":true,"valueName":"search_term_string"}}],"inLanguage":"ca"}]}},"_links":{"self":[{"href":"https:\/\/sentimambmoviment.com\/ca\/wp-json\/wp\/v2\/product\/591","targetHints":{"allow":["GET"]}}],"collection":[{"href":"https:\/\/sentimambmoviment.com\/ca\/wp-json\/wp\/v2\/product"}],"about":[{"href":"https:\/\/sentimambmoviment.com\/ca\/wp-json\/wp\/v2\/types\/product"}],"replies":[{"embeddable":true,"href":"https:\/\/sentimambmoviment.com\/ca\/wp-json\/wp\/v2\/comments?post=591"}],"wp:featuredmedia":[{"embeddable":true,"href":"https:\/\/sentimambmoviment.com\/ca\/wp-json\/wp\/v2\/media\/571"}],"wp:attachment":[{"href":"https:\/\/sentimambmoviment.com\/ca\/wp-json\/wp\/v2\/media?parent=591"}],"wp:term":[{"taxonomy":"marca","embeddable":true,"href":"https:\/\/sentimambmoviment.com\/ca\/wp-json\/wp\/v2\/marca?post=591"},{"taxonomy":"product_brand","embeddable":true,"href":"https:\/\/sentimambmoviment.com\/ca\/wp-json\/wp\/v2\/product_brand?post=591"},{"taxonomy":"product_cat","embeddable":true,"href":"https:\/\/sentimambmoviment.com\/ca\/wp-json\/wp\/v2\/product_cat?post=591"},{"taxonomy":"product_tag","embeddable":true,"href":"https:\/\/sentimambmoviment.com\/ca\/wp-json\/wp\/v2\/product_tag?post=591"}],"curies":[{"name":"wp","href":"https:\/\/api.w.org\/{rel}","templated":true}]}}